{"id":51,"date":"2016-01-19T11:45:47","date_gmt":"2016-01-19T10:45:47","guid":{"rendered":"http:\/\/www.aggstein.org\/wordpress\/?page_id=51"},"modified":"2022-10-08T05:42:49","modified_gmt":"2022-10-08T03:42:49","slug":"freundschaftsverbindungen","status":"publish","type":"page","link":"https:\/\/www.aggstein.org\/?page_id=51","title":{"rendered":"Unsere Freunde"},"content":{"rendered":"<h3>K.\u00d6.M.V. Nibelungia St. P\u00f6lten<\/h3>\n<p>Gr\u00fcndung: 13.05.1919<br \/>Farben: hellblau-wei\u00df-gold<br \/>Adresse: Dr. Karl Renner-Promenade 35, 3100 St. P\u00f6lten<br \/>Website: <a href=\"http:\/\/www.nibelungia.com\" target=\"_blank\" rel=\"noopener noreferrer\">http:\/\/www.nibelungia.com<\/a><br \/>Kontakt: <a href=\"mailto:nibelungia-stp@gmail.com\">nibelungia-stp@gmail.com<\/a><\/p>\n<p><em>Blau weiss goldne Trikolore, <\/em><em>fliegt voran der Burschenschar,<\/em><br \/><em>treue haben wir geschwornen, deinen Farben immerdar<\/em><br \/><em>blau und wei\u00df mahnt uns zur Treue, <\/em><em>mitzubaun an Gottes Reich,<\/em><br \/><em>goldnes Freundschaftsband umschlingt uns <\/em><em>[:stehen wir fest zu \u00d6sterreich:]<br \/><\/em><\/p>\n<h3>K.\u00d6.St.V. Nibelungia Melk<\/h3>\n<p>Gr\u00fcndung: 18.05.1919<br \/>Farben: rot-wei\u00df-gold<br \/>Adresse: Julius-Haidvogl-Gasse 6, 3390 Melk<br \/>Website: <a class=\"link_extern\" href=\"http:\/\/www.nbm.at\" target=\"_blank\" rel=\"noopener noreferrer\">http:\/\/www.nbm.at<\/a><br \/>Kontakt: <a href=\"mailto:office@nbm.at\">office@nbm.at<\/a><\/p>\n<p><em>Nibelungias Farben leuchten, flattern dreifach rot-wei\u00df-gold, <\/em><br \/><em>denn ein Sinnbild sie uns deuchten, unseren Gef\u00fchlen hold: <\/em><br \/><em>Rot bedeutet unsere Liebe, Wei\u00df das Sinnbild reinen Sinn\u2019s, <\/em><br \/><em>golden sind der Treue Triebe [:wie der Strahl des Tagbeginn\u2019s:]<\/em><\/p>\n<h3>K.\u00d6.M.V. Carolina St. P\u00f6lten<\/h3>\n<p>Gr\u00fcndung: 08.02.1921 (sistiert seit 20.10.2001)<br \/>Farben: rot-wei\u00df-gold<br \/>Kontakt: Dr. Klaus Paulik<\/p>\n<p><em>Carolinas treue Burschen tragen Rot-Wei\u00df-Gold im Band. <\/em><br \/><em>Treu und fest zu unserem Herr Gott, treu im Kampf f\u00fcrs Vaterland. <\/em><br \/><em>Rot die Lieb\u2019, die treu im Herzen, wei\u00df das Herz in ernster Zeit, <\/em><br \/><em>golden sei stets unser Wesen [:Rot-Wei\u00df-Gold in Ewigkeit:]<\/em><\/p>\n<h3>K.\u00d6.St.V. Babenberg Lilienfeld<\/h3>\n<p>Gr\u00fcndung: 10.01.1975<br \/>Farben: rot-wei\u00df-gold<br \/>Adresse: Kolwei\u00dfgasse 7, 3180 Lilienfeld<br \/>Website: <a href=\"http:\/\/www.babenberg-lilienfeld.at\/\" target=\"_blank\" rel=\"noopener noreferrer\">http:\/\/www.babenberg-lilienfeld.at\/<\/a><br \/>Kontakt: <a href=\"mailto:admin@babenberg-lilienfeld.at\">admin@babenberg-lilienfeld.at<\/a><\/p>\n<p><em>Burschen sind der \u201eBabenberg\u201c wir, zeigen rot wei\u00df gold im Band, <\/em><br \/><em>lieben uns\u2019re treure Heimat, stehen ein f\u00fcr Volk und Land. <\/em><br \/><em>Rot mahnt uns zu diesem Kampfe, wei\u00df sei uns\u2019res Glaubens Zier, <\/em><br \/><em>gold ist uns\u2019re Lebensfreundschaft [:Rot-Wei\u00df-Gold sind heilig mir!:]<\/em><\/p>\n<h3>K.\u00d6.a.V. Floriana St. P\u00f6lten im \u00d6CV<\/h3>\n<p>Gr\u00fcndung: 16.06.1978<br \/>Farben: blau-gold-gr\u00fcn<br \/>Adresse: Hammerweg 14\/ Stiege 5\/ 1A, 3100 St. P\u00f6lten<br \/>Website: <a href=\"http:\/\/www.floriana.at\/\" target=\"_blank\" rel=\"noopener noreferrer\">http:\/\/www.floriana.at\/<\/a><br \/>Kontakt: <a href=\"mailto:chc@floriana.at\">chc@floriana.at<\/a><\/p>\n<p><em>Durch das Burschenband verbunden reichen wir uns stets die Hand, <\/em><br \/><em>wir steh\u2019n ein zu allen Stunden freudig f\u00fcr das Vaterland. <\/em><br \/><em>Blau das ist der Treue Zeichen, Gold, der Freiheit Fackelschein, <\/em><br \/><em>gr\u00fcnes Hoffen darf nie weichen [:Floriana ewig dein!:]<\/em><\/p>\n<h3>C.\u00d6.M.St.V. Tragisa St. P\u00f6lten im VfM<\/h3>\n<p>Gr\u00fcndung: 02.07.1987<br \/>Farben: gold-blau<br \/>Adresse: pA. Kerensstra\u00dfe 12, 3100 St. P\u00f6lten<br \/>Kontakt: Gertrude Polnitzky<\/p>\n<p><em>In der Hauptstadt unseres Landes steht Tragisas M\u00e4dchenschar <\/em><br \/><em>mit den Farben uns\u2019res Bandes hilfsbereit steht\u2019s treu und wahr. <\/em><br \/><em>Dort wo Not ist einzutreten f\u00fcr die wahre Menschlichkeit, <\/em><br \/><em>f\u00fcr den Frieden steht\u2019s zu beten [:ist der Auftrag dieser Zeit!:]<\/em><\/p>\n\n\n<p><\/p>\n\n\n\n<h3 class=\"wp-block-heading\">Mitglied im N\u00d6MKV<\/h3>\n\n\n\n<p>Der N\u00d6MKV ist der nieder\u00f6sterreichische Landesverband des Mittelsch\u00fcler-Kartell-Verbandes. Er bildet den regionalen Zusammenschluss aller katholischen, farbentragenden Studentenverbindungen auf Mittelschulebene im Bundesland Nieder\u00f6sterreich.<br>Website: <a rel=\"noreferrer noopener\" href=\"https:\/\/www.noemkv.at\/\" target=\"_blank\">https:\/\/www.noemkv.at\/ <\/a><\/p>\n\n\n\n<p><em>Hoch vom Schneeberg bis zur Thaya, von der Enns zum Leithafluss, lasset laut ins Land ert\u00f6nen: Dir, o Heimat gilt mein Gru\u00df! Dieses Land allzeit zu sch\u00fctzen, mutig, unsern Ahnen gleich, dies geloben wir aufs neue [: dir, mein Nieder\u00f6sterreich! :]<\/em><\/p>\n\n\n\n<h3 class=\"wp-block-heading\">Mitglied im MKV<\/h3>\n\n\n\n<p>Der Mittelsch\u00fcler-Kartell-Verband der katholischen, farbentragenden Studentenkorporationen \u00d6sterreichs ist der Dachverband der katholischen Sch\u00fclerverbindungen an allgemeinbildenden und berufsbildenden h\u00f6heren Schulen \u00d6sterreichs.<br>Website: <a rel=\"noreferrer noopener\" href=\"https:\/\/www.mkv.at\/\" target=\"_blank\">https:\/\/www.mkv.at\/ <\/a><\/p>\n\n\n\n<div class=\"wp-block-group\"><div class=\"wp-block-group__inner-container is-layout-flow wp-block-group-is-layout-flow\">\n<p><em>Einer Farbe, einem Glauben, einer Sitte zugetan, h\u00e4ng\u00b4 ich wie die frommen Tauben meiner lieben Heimat an. Wo ich lebe, will ich sterben, wo ich sterbe, ruht sich\u00b4s gut, [: und die Kinder, die mir erben, erben auch mein Herz, mein Blut :]<\/em><\/p>\n\n\n\n<p><em>S\u00fc\u00dfe Heimat, sch\u00f6ne Erde, gutes Land, das mich erh\u00e4lt, o du teure, liebe, werte, runde, kleine, heit\u00b4re Welt! Immer will ich dir geh\u00f6ren, immer mit und bei dir sein! [: Fremdlinge und S\u00f6ldner schw\u00f6ren, dir gen\u00fcgt mein Wort allein. :]<\/em><\/p>\n\n\n\n<p><em>Meinem Glauben, meiner Sitte, meinem Vaterlande treu, kenn\u00b4 ich weder Wunsch noch Bitte, frage nicht, wo\u00b4s besser sei. M\u00f6gen and\u00b4re w\u00fcnschen, suchen, mir sind \u00fcber Gut und Geld [: meine Eichen, meine Buchen, MKV, du meine Welt! :]<\/em><\/p>\n<\/div><\/div>\n\n\n\n<h3 class=\"wp-block-heading\">Mitglied im EKV<\/h3>\n\n\n\n<p>Der Europ\u00e4ische Kartellverband der christlichen Studentenverb\u00e4nde ist als Verein eine Arbeitsgemeinschaft von derzeit 14 christlichen und katholischen Korporationsverb\u00e4nden, sowie 19 in der Kurie der freien Vereinigungen im EKV zusammengefassten Einzelkorporationen aus insgesamt 14 europ\u00e4ischen Staaten.<br>Website: <a href=\"https:\/\/www.ekv.info\">https:\/\/www.ekv.info<\/a><\/p>\n\n\n\n<p><em>Vitae nostrae fundamentum fides Christiana sit, magna voce praedicamus: hic et nunc Europa fit! Litterisque dedicati unum semper petimus: Deus frater et Europa [: finis vitae maximus. :]<\/em><\/p>\n","protected":false},"excerpt":{"rendered":"<p>K.\u00d6.M.V. Nibelungia St. P\u00f6lten Gr\u00fcndung: 13.05.1919Farben: hellblau-wei\u00df-goldAdresse: Dr. Karl Renner-Promenade 35, 3100 St. P\u00f6ltenWebsite: http:\/\/www.nibelungia.comKontakt: nibelungia-stp@gmail.com Blau weiss goldne Trikolore, fliegt voran der Burschenschar,treue haben wir geschwornen, deinen Farben immerdarblau und wei\u00df mahnt uns zur Treue, mitzubaun an Gottes Reich,goldnes Freundschaftsband umschlingt uns [:stehen wir fest zu \u00d6sterreich:] K.\u00d6.St.V. Nibelungia Melk Gr\u00fcndung: 18.05.1919Farben: rot-wei\u00df-goldAdresse: Julius-Haidvogl-Gasse &hellip; <a href=\"https:\/\/www.aggstein.org\/?page_id=51\" class=\"more-link\"><span class=\"screen-reader-text\">\u201eUnsere Freunde\u201c<\/span> weiterlesen<\/a><\/p>\n","protected":false},"author":2,"featured_media":0,"parent":25,"menu_order":0,"comment_status":"closed","ping_status":"closed","template":"","meta":{"footnotes":""},"class_list":["post-51","page","type-page","status-publish","hentry"],"_links":{"self":[{"href":"https:\/\/www.aggstein.org\/index.php?rest_route=\/wp\/v2\/pages\/51","targetHints":{"allow":["GET"]}}],"collection":[{"href":"https:\/\/www.aggstein.org\/index.php?rest_route=\/wp\/v2\/pages"}],"about":[{"href":"https:\/\/www.aggstein.org\/index.php?rest_route=\/wp\/v2\/types\/page"}],"author":[{"embeddable":true,"href":"https:\/\/www.aggstein.org\/index.php?rest_route=\/wp\/v2\/users\/2"}],"replies":[{"embeddable":true,"href":"https:\/\/www.aggstein.org\/index.php?rest_route=%2Fwp%2Fv2%2Fcomments&post=51"}],"version-history":[{"count":8,"href":"https:\/\/www.aggstein.org\/index.php?rest_route=\/wp\/v2\/pages\/51\/revisions"}],"predecessor-version":[{"id":1045,"href":"https:\/\/www.aggstein.org\/index.php?rest_route=\/wp\/v2\/pages\/51\/revisions\/1045"}],"up":[{"embeddable":true,"href":"https:\/\/www.aggstein.org\/index.php?rest_route=\/wp\/v2\/pages\/25"}],"wp:attachment":[{"href":"https:\/\/www.aggstein.org\/index.php?rest_route=%2Fwp%2Fv2%2Fmedia&parent=51"}],"curies":[{"name":"wp","href":"https:\/\/api.w.org\/{rel}","templated":true}]}}